{"id":571,"date":"2013-12-19T15:39:25","date_gmt":"2013-12-19T14:39:25","guid":{"rendered":"http:\/\/www.cyclingondvd.nl\/test\/?page_id=571"},"modified":"2023-02-25T19:46:59","modified_gmt":"2023-02-25T18:46:59","slug":"contact","status":"publish","type":"page","link":"http:\/\/cyclingondvd.nl\/fr\/contact\/","title":{"rendered":"Contacter"},"content":{"rendered":"<p><\/p>\n<h2>Contacter<\/h2>\n<p>Vous voulez les moments de gloire pass\u00e9 revivent encore de nouveau? Pour une somme modique, je peux graver le jeu demand\u00e9 (s) \u00e0 votre disposition sur DVD au Cl\u00e9 de USB. Les \u00e9changes peuvent \u00e9galement, peut-\u00eatre quelqu&rsquo;un a un dossier qui peut faire ma collection plus compl\u00e8te.<\/p>\n<p><strong>Mes coordonn\u00e9esHans Maessen<br \/>\nMaasbracht (NL)<br \/>\nT\u00e9l\u00e9phone:&nbsp; 0031-(0)475480221<br \/>\nGsm NL: 0031 (0)6- 43522323 <\/strong><\/p>\n<p><strong>Youtube<br \/>\n<\/strong><\/p>\n<p><a href=\"https:\/\/www.youtube.com\/channel\/UC1X2JCCcxRCxC2RF_MyGuaQ\">https:\/\/www.youtube.com\/channel\/UC1X2JCCcxRCxC2RF_MyGuaQ<\/a><\/p>\n<p><strong>contact <a href=\"mailto:h.maessen@kpnmail.nl\">h.maessen@kpnmail.nl<\/a><br \/>\n:<\/strong><\/p>","protected":false},"excerpt":{"rendered":"<p>Contacter Vous voulez les moments de gloire pass\u00e9 revivent encore de nouveau? Pour une somme modique, je peux graver le jeu demand\u00e9 (s) \u00e0 votre disposition sur DVD au Cl\u00e9 de USB. Les \u00e9changes peuvent \u00e9galement, peut-\u00eatre quelqu&rsquo;un a un dossier qui peut faire ma collection plus compl\u00e8te. Mes coordonn\u00e9esHans Maessen Maasbracht (NL) T\u00e9l\u00e9phone:&nbsp; 0031-(0)475480221 &hellip; <a href=\"http:\/\/cyclingondvd.nl\/fr\/contact\/\" class=\"more-link\">Continue reading <span class=\"screen-reader-text\">Contacter<\/span> <span class=\"meta-nav\">&rarr;<\/span><\/a><\/p>\n","protected":false},"author":4,"featured_media":0,"parent":0,"menu_order":7,"comment_status":"closed","ping_status":"open","template":"","meta":{"ngg_post_thumbnail":0,"footnotes":""},"_links":{"self":[{"href":"http:\/\/cyclingondvd.nl\/fr\/wp-json\/wp\/v2\/pages\/571"}],"collection":[{"href":"http:\/\/cyclingondvd.nl\/fr\/wp-json\/wp\/v2\/pages"}],"about":[{"href":"http:\/\/cyclingondvd.nl\/fr\/wp-json\/wp\/v2\/types\/page"}],"author":[{"embeddable":true,"href":"http:\/\/cyclingondvd.nl\/fr\/wp-json\/wp\/v2\/users\/4"}],"replies":[{"embeddable":true,"href":"http:\/\/cyclingondvd.nl\/fr\/wp-json\/wp\/v2\/comments?post=571"}],"version-history":[{"count":50,"href":"http:\/\/cyclingondvd.nl\/fr\/wp-json\/wp\/v2\/pages\/571\/revisions"}],"predecessor-version":[{"id":3510,"href":"http:\/\/cyclingondvd.nl\/fr\/wp-json\/wp\/v2\/pages\/571\/revisions\/3510"}],"wp:attachment":[{"href":"http:\/\/cyclingondvd.nl\/fr\/wp-json\/wp\/v2\/media?parent=571"}],"curies":[{"name":"wp","href":"https:\/\/api.w.org\/{rel}","templated":true}]}}