{"id":3259,"date":"2023-01-28T13:29:56","date_gmt":"2023-01-28T12:29:56","guid":{"rendered":"http:\/\/www.cyclingondvd.nl\/?page_id=3259"},"modified":"2025-07-11T19:32:00","modified_gmt":"2025-07-11T17:32:00","slug":"cyclingonusb","status":"publish","type":"page","link":"http:\/\/cyclingondvd.nl\/fr\/cyclingonusb\/","title":{"rendered":"CYCLINGonUSB"},"content":{"rendered":"<!-- wp:paragraph -->\r\n<figure class=\"wp-block-image size-full\">\r\n<p><strong><img loading=\"lazy\" decoding=\"async\" class=\"alignnone size-full wp-image-3347\" src=\"http:\/\/cyclingondvd.nl\/wp-content\/uploads\/2023\/02\/USB-stick-32GB.jpg\" alt=\"\" width=\"93\" height=\"123\">Nouveau de 25-02-2023<\/strong><\/p>\r\n<p><span data-contrast=\"auto\">L\u2019ann\u00e9e derni\u00e8re, j\u2019ai re\u00e7u plusieurs demandes pour savoir s\u2019il \u00e9tait \u00e9galement possible de mettre les enregistrements de ma collection sur une cl\u00e9 USB. R\u00e9cemment, avec mon fils, j\u2019ai consacr\u00e9 du temps \u00e0 ce projet.&nbsp;<\/span><span data-contrast=\"auto\">Le prix que je fixe pour l\u2019instant est de 5 \u20ac par article, ce qui est le prix normal pour les DVD.<\/span><span data-ccp-props=\"{&quot;201341983&quot;:0,&quot;335559739&quot;:160,&quot;335559740&quot;:259}\">&nbsp;<\/span><\/p>\r\n<p><span data-contrast=\"auto\">Comme je veux commencer doucement, je propose la m\u00e9thode suivante ;<\/span><span data-ccp-props=\"{&quot;201341983&quot;:0,&quot;335559739&quot;:160,&quot;335559740&quot;:259}\">&nbsp;<\/span><\/p>\r\n<ol>\r\n<li data-leveltext=\"%1)\" data-font=\"Calibri\" data-listid=\"1\" data-list-defn-props=\"{&quot;335552541&quot;:0,&quot;335559684&quot;:-1,&quot;335559685&quot;:720,&quot;335559991&quot;:360,&quot;469769242&quot;:[65533,0],&quot;469777803&quot;:&quot;left&quot;,&quot;469777804&quot;:&quot;%1)&quot;,&quot;469777815&quot;:&quot;hybridMultilevel&quot;}\" aria-setsize=\"-1\" data-aria-posinset=\"1\" data-aria-level=\"1\"><span data-contrast=\"auto\">Je fournis moi-m\u00eame la cl\u00e9 USB et l\u2019envoie dans une petite enveloppe \u00e0 coussin d\u2019air. Le co\u00fbt de la cl\u00e9 USB et de l\u2019envoi est d\u2019environ 10,00 \u20ac. Apr\u00e8s avoir enregistr\u00e9 les objets, la cl\u00e9 USB avec les enregistrements est envoy\u00e9e par la poste. La cl\u00e9 USB est alors \u00e9galement votre propri\u00e9t\u00e9.<\/span><span data-ccp-props=\"{&quot;201341983&quot;:0,&quot;335559739&quot;:160,&quot;335559740&quot;:259}\"> <br><\/span><\/li>\r\n<li><span data-contrast=\"auto\">Vous m\u2019envoyez une cl\u00e9 USB d\u2019une capacit\u00e9 suffisante (minimum 32 GB, voir exemple sur le site) dans une petite enveloppe \u00e0 coussin d\u2019air (bulles). Apr\u00e8s l\u2019enregistrement des articles, la cl\u00e9 USB retourne dans l\u2019enveloppe que vous m\u2019avez envoy\u00e9e.<\/span><span data-ccp-props=\"{&quot;201341983&quot;:0,&quot;335559739&quot;:160,&quot;335559740&quot;:259}\">&nbsp;<\/span><\/li>\r\n<\/ol>\r\n<p><span data-contrast=\"auto\">Donc si vous \u00eates int\u00e9ress\u00e9 par les enregistrements sur cl\u00e9 USB, faites-le moi savoir.<\/span><span data-ccp-props=\"{&quot;201341983&quot;:0,&quot;335559739&quot;:160,&quot;335559740&quot;:259}\">&nbsp;<\/span><\/p>\r\n<p><a href=\"mailto:h.maessen@kpnmail.nl\">h.maessen@kpnmail.nl<\/a><\/p>\r\n<\/figure>\r\n<!-- \/wp:image -->","protected":false},"excerpt":{"rendered":"<p>Nouveau de 25-02-2023 L\u2019ann\u00e9e derni\u00e8re, j\u2019ai re\u00e7u plusieurs demandes pour savoir s\u2019il \u00e9tait \u00e9galement possible de mettre les enregistrements de ma collection sur une cl\u00e9 USB. R\u00e9cemment, avec mon fils, j\u2019ai consacr\u00e9 du temps \u00e0 ce projet.&nbsp;Le prix que je fixe pour l\u2019instant est de 5 \u20ac par article, ce qui est le prix normal &hellip; <a href=\"http:\/\/cyclingondvd.nl\/fr\/cyclingonusb\/\" class=\"more-link\">Continue reading <span class=\"screen-reader-text\">CYCLINGonUSB<\/span> <span class=\"meta-nav\">&rarr;<\/span><\/a><\/p>\n","protected":false},"author":5,"featured_media":0,"parent":0,"menu_order":0,"comment_status":"closed","ping_status":"closed","template":"","meta":{"ngg_post_thumbnail":0,"footnotes":""},"_links":{"self":[{"href":"http:\/\/cyclingondvd.nl\/fr\/wp-json\/wp\/v2\/pages\/3259"}],"collection":[{"href":"http:\/\/cyclingondvd.nl\/fr\/wp-json\/wp\/v2\/pages"}],"about":[{"href":"http:\/\/cyclingondvd.nl\/fr\/wp-json\/wp\/v2\/types\/page"}],"author":[{"embeddable":true,"href":"http:\/\/cyclingondvd.nl\/fr\/wp-json\/wp\/v2\/users\/5"}],"replies":[{"embeddable":true,"href":"http:\/\/cyclingondvd.nl\/fr\/wp-json\/wp\/v2\/comments?post=3259"}],"version-history":[{"count":47,"href":"http:\/\/cyclingondvd.nl\/fr\/wp-json\/wp\/v2\/pages\/3259\/revisions"}],"predecessor-version":[{"id":3700,"href":"http:\/\/cyclingondvd.nl\/fr\/wp-json\/wp\/v2\/pages\/3259\/revisions\/3700"}],"wp:attachment":[{"href":"http:\/\/cyclingondvd.nl\/fr\/wp-json\/wp\/v2\/media?parent=3259"}],"curies":[{"name":"wp","href":"https:\/\/api.w.org\/{rel}","templated":true}]}}