{"id":30,"date":"2013-12-01T21:51:41","date_gmt":"2013-12-01T20:51:41","guid":{"rendered":"http:\/\/www.cyclingondvd.nl\/test\/?page_id=30"},"modified":"2025-09-01T21:52:09","modified_gmt":"2025-09-01T19:52:09","slug":"biografie","status":"publish","type":"page","link":"http:\/\/cyclingondvd.nl\/fr\/biografie\/","title":{"rendered":"Biographie"},"content":{"rendered":"<p><\/p>\n<h2>Biographie<\/h2>\n<p><a href=\"http:\/\/cyclingondvd.nl\/wp-content\/uploads\/2017\/08\/maastrichttrofee.jpg\"><img loading=\"lazy\" decoding=\"async\" class=\"alignnone size-thumbnail wp-image-2849\" src=\"http:\/\/cyclingondvd.nl\/wp-content\/uploads\/2017\/08\/maastrichttrofee-150x150.jpg\" alt=\"maastrichttrofee\" width=\"150\" height=\"150\"><\/a><\/p>\n<p>Mon nom est Hans Maessen , n\u00e9 en Helden ( Limbourg n\u00e9erlandais ) Je vis en Maasbracht (Limburg)D\u00e8s l&rsquo;enfance, j&rsquo;ai \u00e9t\u00e9 fascin\u00e9 par le sport cycliste . \u00c0 mon jeune \u00e2ge , j&rsquo;ai tout pris sur la vid\u00e9o , \u00e0 partir de 2006 , je vais transf\u00e9rer sur DVD . Ensuite, j&rsquo;ai \u00e0 travers l&rsquo;\u00e9change et la r\u00e9ception de cassettes vid\u00e9o peuvent grandement d\u00e9velopper.Je ma collection peut dire que le passe-temps un peu hors de la main a disparu. Personnellement, je pr\u00e9f\u00e8re les classiques de printemps , mais aussi le Tour de France , autres courses par \u00e9tapes , la Coupe du Monde , NK , BK , Jeux Olympiques , les programmes de cyclo-cross et documentaires sont \u00e9galement pr\u00e9sents dans ma collection . Parmi les autres Brabants v\u00e9lo Cafe, Woestijnvis et le th\u00e9\u00e2tre mur sur Tour 2012 \u00e0 utiliser ma collection Pilotes \u00e9galement trouv\u00e9 comme Karsten Kroon , Michael Boogerd , Laurens ten Dam , Erik Dekker et les \u00e9quipes , Team Columbia , l&rsquo;\u00e9quipe Saxo Bank , Cyclo -USA \u00e9quipe , le chemin de ma collection . Je suis aussi un fan de Tour des Onze Villes , U2 et Expedition Robinson . L\u00e0 aussi , j&rsquo;ai une petite collection . Pour de plus amples <a title=\"Contact\" href=\"http:\/\/cyclingondvd.nl\/fr\/contact\/\">contacter.<\/a><br \/>\n<strong><a title=\"Biografie\" href=\"http:\/\/cyclingondvd.nl\/fr\/biografie\/\">[HAUT]<\/a><\/strong><\/p>\n<h1><strong>Photos<\/strong><\/h1>\n<p>ngg_shortcode_1_placeholder<\/p>","protected":false},"excerpt":{"rendered":"<p>Biographie Mon nom est Hans Maessen , n\u00e9 en Helden ( Limbourg n\u00e9erlandais ) Je vis en Maasbracht (Limburg)D\u00e8s l&rsquo;enfance, j&rsquo;ai \u00e9t\u00e9 fascin\u00e9 par le sport cycliste . \u00c0 mon jeune \u00e2ge , j&rsquo;ai tout pris sur la vid\u00e9o , \u00e0 partir de 2006 , je vais transf\u00e9rer sur DVD . Ensuite, j&rsquo;ai \u00e0 travers &hellip; <a href=\"http:\/\/cyclingondvd.nl\/fr\/biografie\/\" class=\"more-link\">Continue reading <span class=\"screen-reader-text\">Biographie<\/span> <span class=\"meta-nav\">&rarr;<\/span><\/a><\/p>\n","protected":false},"author":1,"featured_media":0,"parent":0,"menu_order":2,"comment_status":"closed","ping_status":"closed","template":"","meta":{"ngg_post_thumbnail":0,"footnotes":""},"_links":{"self":[{"href":"http:\/\/cyclingondvd.nl\/fr\/wp-json\/wp\/v2\/pages\/30"}],"collection":[{"href":"http:\/\/cyclingondvd.nl\/fr\/wp-json\/wp\/v2\/pages"}],"about":[{"href":"http:\/\/cyclingondvd.nl\/fr\/wp-json\/wp\/v2\/types\/page"}],"author":[{"embeddable":true,"href":"http:\/\/cyclingondvd.nl\/fr\/wp-json\/wp\/v2\/users\/1"}],"replies":[{"embeddable":true,"href":"http:\/\/cyclingondvd.nl\/fr\/wp-json\/wp\/v2\/comments?post=30"}],"version-history":[{"count":94,"href":"http:\/\/cyclingondvd.nl\/fr\/wp-json\/wp\/v2\/pages\/30\/revisions"}],"predecessor-version":[{"id":3726,"href":"http:\/\/cyclingondvd.nl\/fr\/wp-json\/wp\/v2\/pages\/30\/revisions\/3726"}],"wp:attachment":[{"href":"http:\/\/cyclingondvd.nl\/fr\/wp-json\/wp\/v2\/media?parent=30"}],"curies":[{"name":"wp","href":"https:\/\/api.w.org\/{rel}","templated":true}]}}