{"id":152,"date":"2013-12-02T21:45:40","date_gmt":"2013-12-02T20:45:40","guid":{"rendered":"http:\/\/www.cyclingondvd.nl\/test\/?page_id=152"},"modified":"2023-02-25T11:50:04","modified_gmt":"2023-02-25T10:50:04","slug":"dvds","status":"publish","type":"page","link":"http:\/\/cyclingondvd.nl\/fr\/dvds\/","title":{"rendered":"DVD"},"content":{"rendered":"<p><\/p>\n<h3>Cher collectionneur<\/h3>\n<p>Sur ces pages, vous trouverez toutes les images que j&rsquo;ai recueillies. Au fil des ans, Si vous voulez un DVD de ma collection, c&rsquo;est peut-\u00eatre \u00e0 un prix bas. \u00c9changes est ok possible. J&rsquo;ai quelque chose pour tout le monde, \u00e0 savoir:<\/p>\n<ol>\n<li><a title=\"Cyclo-cross\" href=\"http:\/\/cyclingondvd.nl\/fr\/dvds\/cyclo-cross\/\"><strong>Cyclo-cross<\/strong><\/a><\/li>\n<li><a title=\"Docu\u2019s &amp; overigen\" href=\"http:\/\/cyclingondvd.nl\/fr\/dvds\/docuoverigen\/\"><strong>Docs et autres<\/strong><\/a><\/li>\n<li><a title=\"Klassiekers\" href=\"http:\/\/cyclingondvd.nl\/fr\/dvds\/klassiekers\/\"><strong>Classiques:<\/strong><\/a>\n<ol>\n<li><a title=\"Gent Wevelgem\" href=\"http:\/\/cyclingondvd.nl\/fr\/gent-wevelgem\/\">Gent Wevelgem<\/a><\/li>\n<li><a title=\"Paris Roubaix\" href=\"http:\/\/cyclingondvd.nl\/fr\/paris-roubaix\/\">Paris Roubaix<\/a><\/li>\n<li><a title=\"I Lombardia\" href=\"http:\/\/cyclingondvd.nl\/fr\/ilombardia\/\">I Lombardia<\/a><\/li>\n<li><a title=\"Milano Sanremo\" href=\"http:\/\/cyclingondvd.nl\/fr\/milano-sanremo\/\">Milano Sanremo<\/a><\/li>\n<li><a title=\"Li\u00e8ge Bastogne Li\u00e8ge\" href=\"http:\/\/cyclingondvd.nl\/fr\/liege-bastogne-liege\/\">Li\u00e8ge Bastogne Li\u00e8ge<\/a><\/li>\n<li><a title=\"la fl\u00e8che wallone\" href=\"http:\/\/cyclingondvd.nl\/fr\/la-fleche-wallone\/\">La fl\u00e8che wallonne<\/a><\/li>\n<li><a title=\"De ronde van Vlaanderen\" href=\"http:\/\/cyclingondvd.nl\/fr\/de-ronde-van-vlaanderen\/\">De ronde van Vlaanderen<\/a><\/li>\n<li><a title=\"Amstel gold race\" href=\"http:\/\/cyclingondvd.nl\/fr\/amstel-gold-race\/\">Amstel gold race<\/a><\/li>\n<\/ol>\n<\/li>\n<li><a title=\"Rittenkoersen\" href=\"http:\/\/cyclingondvd.nl\/dvds\/rittenkoersen\/\"><strong>Rides cours:<\/strong><\/a>\n<ol>\n<li><a title=\"Giro\" href=\"http:\/\/cyclingondvd.nl\/fr\/giro\/\">Giro<\/a><\/li>\n<li><a title=\"Vuelta\" href=\"http:\/\/cyclingondvd.nl\/fr\/vuelta\/\">Vuelta<\/a><\/li>\n<\/ol>\n<\/li>\n<li><a title=\"Tour de France\" href=\"http:\/\/cyclingondvd.nl\/\/fr\/dvds\/le-tour-de-france\/\"><strong>Tour de France<\/strong><\/a><\/li>\n<li><a title=\"WK \/ NK \/ BK \/ OLYMPIC GAMES\" href=\"http:\/\/cyclingondvd.nl\/fr\/dvds\/wk-nkbk-olympic-games\/\"><strong>Wk\/Nk\/Olympic games<\/strong><\/a><\/li>\n<\/ol>\n<p>Vous pouvez rechercher par ann\u00e9e, le nom et bien s\u00fbr dans la bo\u00eete de recherche ci-dessus. Pour plus d&rsquo;info \/ pour aller \u00e0 <a title=\"Contact\" href=\"http:\/\/cyclingondvd.nl\/fr\/contact\/\"><strong>contacter.<\/strong><\/a> <a title=\"DVD\" href=\"http:\/\/cyclingondvd.nl\/fr\/dvds\/\"><strong>[HAUT]<\/strong><\/a><\/p>","protected":false},"excerpt":{"rendered":"<p>Cher collectionneur Sur ces pages, vous trouverez toutes les images que j&rsquo;ai recueillies. Au fil des ans, Si vous voulez un DVD de ma collection, c&rsquo;est peut-\u00eatre \u00e0 un prix bas. \u00c9changes est ok possible. J&rsquo;ai quelque chose pour tout le monde, \u00e0 savoir: Cyclo-cross Docs et autres Classiques: Gent Wevelgem Paris Roubaix I Lombardia &hellip; <a href=\"http:\/\/cyclingondvd.nl\/fr\/dvds\/\" class=\"more-link\">Continue reading <span class=\"screen-reader-text\">DVD<\/span> <span class=\"meta-nav\">&rarr;<\/span><\/a><\/p>\n","protected":false},"author":1,"featured_media":0,"parent":0,"menu_order":4,"comment_status":"closed","ping_status":"closed","template":"","meta":{"ngg_post_thumbnail":0,"footnotes":""},"_links":{"self":[{"href":"http:\/\/cyclingondvd.nl\/fr\/wp-json\/wp\/v2\/pages\/152"}],"collection":[{"href":"http:\/\/cyclingondvd.nl\/fr\/wp-json\/wp\/v2\/pages"}],"about":[{"href":"http:\/\/cyclingondvd.nl\/fr\/wp-json\/wp\/v2\/types\/page"}],"author":[{"embeddable":true,"href":"http:\/\/cyclingondvd.nl\/fr\/wp-json\/wp\/v2\/users\/1"}],"replies":[{"embeddable":true,"href":"http:\/\/cyclingondvd.nl\/fr\/wp-json\/wp\/v2\/comments?post=152"}],"version-history":[{"count":30,"href":"http:\/\/cyclingondvd.nl\/fr\/wp-json\/wp\/v2\/pages\/152\/revisions"}],"predecessor-version":[{"id":3436,"href":"http:\/\/cyclingondvd.nl\/fr\/wp-json\/wp\/v2\/pages\/152\/revisions\/3436"}],"wp:attachment":[{"href":"http:\/\/cyclingondvd.nl\/fr\/wp-json\/wp\/v2\/media?parent=152"}],"curies":[{"name":"wp","href":"https:\/\/api.w.org\/{rel}","templated":true}]}}