{"id":571,"date":"2013-12-19T15:39:25","date_gmt":"2013-12-19T14:39:25","guid":{"rendered":"http:\/\/www.cyclingondvd.nl\/test\/?page_id=571"},"modified":"2023-02-25T19:46:59","modified_gmt":"2023-02-25T18:46:59","slug":"contact","status":"publish","type":"page","link":"http:\/\/cyclingondvd.nl\/de\/contact\/","title":{"rendered":"Kontakt"},"content":{"rendered":"<p><\/p>\n<h2>Kontakt<\/h2>\n<p>Willst du die Momente der vergangenen Ruhm noch erleben es wieder? Gegen eine kleine Geb\u00fchr, kann ich die angeforderten Spiel (e), um Sie auf DVD oder USB-Stick&nbsp; brennen. B\u00f6rsen k\u00f6nnen auch, vielleicht hat jemand einen Datensatz, der meiner Sammlung vollst\u00e4ndiger machen k\u00f6nnen.<\/p>\n<p><strong>Meine Daten<br \/>\nHans Maessen<br \/>\nMaasbracht, Niederlande<br \/>\nTelefon:&nbsp; 0031-(0)475480221<br \/>\nGsm NL 0031 (0)6- 43522323<\/strong><\/p>\n<p><strong>Youtube<\/strong><\/p>\n<p><strong><a href=\"https:\/\/www.youtube.com\/channel\/UC1X2JCCcxRCxC2RF_MyGuaQ\">https:\/\/www.youtube.com\/channel\/UC1X2JCCcxRCxC2RF_MyGuaQ<\/a><br \/>\ninformation\/bestellungen uber meine Sammlung <a href=\"mailto:h.maessen@kpnmail.nl\">h.maessen@kpnmail.nl<\/a><br \/>\n:<\/strong><\/p>","protected":false},"excerpt":{"rendered":"<p>Kontakt Willst du die Momente der vergangenen Ruhm noch erleben es wieder? Gegen eine kleine Geb\u00fchr, kann ich die angeforderten Spiel (e), um Sie auf DVD oder USB-Stick&nbsp; brennen. B\u00f6rsen k\u00f6nnen auch, vielleicht hat jemand einen Datensatz, der meiner Sammlung vollst\u00e4ndiger machen k\u00f6nnen. Meine Daten Hans Maessen Maasbracht, Niederlande Telefon:&nbsp; 0031-(0)475480221 Gsm NL 0031 (0)6- &hellip; <a href=\"http:\/\/cyclingondvd.nl\/de\/contact\/\" class=\"more-link\">Continue reading <span class=\"screen-reader-text\">Kontakt<\/span> <span class=\"meta-nav\">&rarr;<\/span><\/a><\/p>\n","protected":false},"author":4,"featured_media":0,"parent":0,"menu_order":7,"comment_status":"closed","ping_status":"open","template":"","meta":{"ngg_post_thumbnail":0,"footnotes":""},"_links":{"self":[{"href":"http:\/\/cyclingondvd.nl\/de\/wp-json\/wp\/v2\/pages\/571"}],"collection":[{"href":"http:\/\/cyclingondvd.nl\/de\/wp-json\/wp\/v2\/pages"}],"about":[{"href":"http:\/\/cyclingondvd.nl\/de\/wp-json\/wp\/v2\/types\/page"}],"author":[{"embeddable":true,"href":"http:\/\/cyclingondvd.nl\/de\/wp-json\/wp\/v2\/users\/4"}],"replies":[{"embeddable":true,"href":"http:\/\/cyclingondvd.nl\/de\/wp-json\/wp\/v2\/comments?post=571"}],"version-history":[{"count":50,"href":"http:\/\/cyclingondvd.nl\/de\/wp-json\/wp\/v2\/pages\/571\/revisions"}],"predecessor-version":[{"id":3510,"href":"http:\/\/cyclingondvd.nl\/de\/wp-json\/wp\/v2\/pages\/571\/revisions\/3510"}],"wp:attachment":[{"href":"http:\/\/cyclingondvd.nl\/de\/wp-json\/wp\/v2\/media?parent=571"}],"curies":[{"name":"wp","href":"https:\/\/api.w.org\/{rel}","templated":true}]}}