{"id":30,"date":"2013-12-01T21:51:41","date_gmt":"2013-12-01T20:51:41","guid":{"rendered":"http:\/\/www.cyclingondvd.nl\/test\/?page_id=30"},"modified":"2025-09-01T21:52:09","modified_gmt":"2025-09-01T19:52:09","slug":"biografie","status":"publish","type":"page","link":"http:\/\/cyclingondvd.nl\/de\/biografie\/","title":{"rendered":"Biografie"},"content":{"rendered":"<p><\/p>\n<h2>Biografie<\/h2>\n<p><a href=\"http:\/\/cyclingondvd.nl\/wp-content\/uploads\/2017\/08\/maastrichttrofee.jpg\"><img loading=\"lazy\" decoding=\"async\" class=\"alignnone size-thumbnail wp-image-2849\" src=\"http:\/\/cyclingondvd.nl\/wp-content\/uploads\/2017\/08\/maastrichttrofee-150x150.jpg\" alt=\"maastrichttrofee\" width=\"150\" height=\"150\"><\/a><\/p>\n<p>Mein Name ist Hans Maessen , in Helden ( Niederl\u00e4ndisch Limburg) geboren jetzt wohnende in Maasbracht. Von Kindheit an bin ich durch den Radsport fasziniert. In meinem jungen Alter habe ich alles, auf dem Videob\u00e4ndern gesetzt.&nbsp;&nbsp;In 2006 habe ich sie auf DVD \u00fcbertragen. Danach habe ich durch den Austausch und den Empfang von Videob\u00e4ndern meine Sammlung&nbsp; stark erweitern k\u00f6nnen. &nbsp;Pers\u00f6nlich bevorzuge ich die Fr\u00fchjahrsklassiker , aber auch die Tour de France, andere Etappenrennen , Weltmeisterschaften, National Meisterschaften, Olympische Spiele, Querfeldein -und Dokumentationssendungen sind in meiner Sammlung vorhanden . Unter anderem Brabants Wielercafe , Woestijnvis und Muur on Tour 2012 in theather verwenden meine Sammlung. Auch Fahrer wie Karsten Kroon, Michael Boogerd , Laurens ten Dam, Erik Dekker und Teams wie, Team Columbia , Team- Saxobank , Cyclo-cross-Team USA , fanden dem Weg zu meiner Sammlung . Ich bin auch ein Fan der ELFSTEDENTOCHT- Tour, U2 und Expedition Robinson. Auch hier habe ich eine kleine Sammlung . F\u00fcr weitere <a title=\"Contact\" href=\"http:\/\/cyclingondvd.nl\/de\/contact\/\">Kontakt.<\/a><br \/>\n<strong><a title=\"Biografie\" href=\"http:\/\/cyclingondvd.nl\/de\/biografie\/\">[TOP]<\/a><\/strong><\/p>\n<h1>Fotos<\/h1>\n<p>ngg_shortcode_0_placeholder<\/p>","protected":false},"excerpt":{"rendered":"<p>Biografie Mein Name ist Hans Maessen , in Helden ( Niederl\u00e4ndisch Limburg) geboren jetzt wohnende in Maasbracht. Von Kindheit an bin ich durch den Radsport fasziniert. In meinem jungen Alter habe ich alles, auf dem Videob\u00e4ndern gesetzt.&nbsp;&nbsp;In 2006 habe ich sie auf DVD \u00fcbertragen. Danach habe ich durch den Austausch und den Empfang von Videob\u00e4ndern &hellip; <a href=\"http:\/\/cyclingondvd.nl\/de\/biografie\/\" class=\"more-link\">Continue reading <span class=\"screen-reader-text\">Biografie<\/span> <span class=\"meta-nav\">&rarr;<\/span><\/a><\/p>\n","protected":false},"author":1,"featured_media":0,"parent":0,"menu_order":2,"comment_status":"closed","ping_status":"closed","template":"","meta":{"ngg_post_thumbnail":0,"footnotes":""},"_links":{"self":[{"href":"http:\/\/cyclingondvd.nl\/de\/wp-json\/wp\/v2\/pages\/30"}],"collection":[{"href":"http:\/\/cyclingondvd.nl\/de\/wp-json\/wp\/v2\/pages"}],"about":[{"href":"http:\/\/cyclingondvd.nl\/de\/wp-json\/wp\/v2\/types\/page"}],"author":[{"embeddable":true,"href":"http:\/\/cyclingondvd.nl\/de\/wp-json\/wp\/v2\/users\/1"}],"replies":[{"embeddable":true,"href":"http:\/\/cyclingondvd.nl\/de\/wp-json\/wp\/v2\/comments?post=30"}],"version-history":[{"count":94,"href":"http:\/\/cyclingondvd.nl\/de\/wp-json\/wp\/v2\/pages\/30\/revisions"}],"predecessor-version":[{"id":3726,"href":"http:\/\/cyclingondvd.nl\/de\/wp-json\/wp\/v2\/pages\/30\/revisions\/3726"}],"wp:attachment":[{"href":"http:\/\/cyclingondvd.nl\/de\/wp-json\/wp\/v2\/media?parent=30"}],"curies":[{"name":"wp","href":"https:\/\/api.w.org\/{rel}","templated":true}]}}