{"id":152,"date":"2013-12-02T21:45:40","date_gmt":"2013-12-02T20:45:40","guid":{"rendered":"http:\/\/www.cyclingondvd.nl\/test\/?page_id=152"},"modified":"2023-02-25T11:50:04","modified_gmt":"2023-02-25T10:50:04","slug":"dvds","status":"publish","type":"page","link":"http:\/\/cyclingondvd.nl\/de\/dvds\/","title":{"rendered":"DVD"},"content":{"rendered":"<p><\/p>\n<h3>Liebe Sammler<\/h3>\n<p>Auf diesen Seiten finden Sie alle Aufnahmen, die ich gesammelt habe im Laufe der Jahre zu finden., Wenn Sie eine DVD von meiner Sammlung m\u00f6chte, kann dies zu einem niedrigen Preis. B\u00f6rsen in Ordnung ist m\u00f6glich. Ich habe f\u00fcr jeden etwas, und zwar:<\/p>\n<ol>\n<li><a title=\"Cyclo-cross\" href=\"http:\/\/cyclingondvd.nl\/de\/dvds\/cyclo-cross\/\"><strong>Cyclo-cross<\/strong><\/a><\/li>\n<li><a title=\"Docu\u2019s &amp; overigen\" href=\"http:\/\/cyclingondvd.nl\/de\/dvds\/docuoverigen\/\"><strong>Docu und andere<\/strong><\/a><\/li>\n<li><a title=\"Klassiekers\" href=\"http:\/\/cyclingondvd.nl\/de\/dvds\/klassiekers\/\"><strong>Klassiker:<\/strong><\/a>\n<ol>\n<li><a title=\"Gent Wevelgem\" href=\"http:\/\/cyclingondvd.nl\/de\/gent-wevelgem\/\">Gent Wevelgem<\/a><\/li>\n<li><a title=\"Paris Roubaix\" href=\"http:\/\/cyclingondvd.nl\/de\/paris-roubaix\/\">Paris Roubaix<\/a><\/li>\n<li><a title=\"I Lombardia\" href=\"http:\/\/cyclingondvd.nl\/de\/ilombardia\/\">I Lombardia<\/a><\/li>\n<li><a title=\"Milano Sanremo\" href=\"http:\/\/cyclingondvd.nl\/de\/milano-sanremo\/\">Milano Sanremo<\/a><\/li>\n<li><a title=\"Li\u00e8ge Bastogne Li\u00e8ge\" href=\"http:\/\/cyclingondvd.nl\/de\/liege-bastogne-liege\/\">Li\u00e8ge Bastogne Li\u00e8ge<\/a><\/li>\n<li><a title=\"la fl\u00e8che wallone\" href=\"http:\/\/cyclingondvd.nl\/de\/la-fleche-wallone\/\">La fl\u00e8che wallonne<\/a><\/li>\n<li><a title=\"De ronde van Vlaanderen\" href=\"http:\/\/cyclingondvd.nl\/de\/de-ronde-van-vlaanderen\/\">De ronde van Vlaanderen<\/a><\/li>\n<li><a title=\"Amstel gold race\" href=\"http:\/\/cyclingondvd.nl\/de\/amstel-gold-race\/\">Amstel gold race<\/a><\/li>\n<\/ol>\n<\/li>\n<li><a title=\"Rittenkoersen\" href=\"http:\/\/cyclingondvd.nl\/de\/dvds\/rittenkoersen\/\"><strong>Rides zitate:<\/strong><\/a>\n<ol>\n<li><a title=\"Giro\" href=\"http:\/\/cyclingondvd.nl\/de\/giro\/\">Giro<\/a><\/li>\n<li><a title=\"Vuelta\" href=\"http:\/\/cyclingondvd.nl\/de\/vuelta\/\">Vuelta<\/a><\/li>\n<\/ol>\n<\/li>\n<li><a title=\"Tour de France\" href=\"http:\/\/cyclingondvd.nl\/de\/dvds\/le-tour-de-france\/\"><strong>Tour de France<\/strong><\/a><\/li>\n<li><a title=\"WK \/ NK \/ BK \/ OLYMPIC GAMES\" href=\"http:\/\/cyclingondvd.nl\/de\/dvds\/wk-nkbk-olympic-games\/\"><strong>Wk\/Nk\/Olympic games<\/strong><\/a><\/li>\n<\/ol>\n<p>Sie k\u00f6nnen nach Jahr, Name und nat\u00fcrlich \u00fcber das Suchfeld oben suchen. F\u00fcr mehr Info \/ Bestellung gehen Sie zu <a title=\"Contact\" href=\"http:\/\/cyclingondvd.nl\/de\/contact\/\"><strong>kontact.<\/strong><\/a> <a title=\"DVD\" href=\"http:\/\/cyclingondvd.nl\/de\/dvds\/\"><strong>[TOP]<\/strong><\/a><\/p>","protected":false},"excerpt":{"rendered":"<p>Liebe Sammler Auf diesen Seiten finden Sie alle Aufnahmen, die ich gesammelt habe im Laufe der Jahre zu finden., Wenn Sie eine DVD von meiner Sammlung m\u00f6chte, kann dies zu einem niedrigen Preis. B\u00f6rsen in Ordnung ist m\u00f6glich. Ich habe f\u00fcr jeden etwas, und zwar: Cyclo-cross Docu und andere Klassiker: Gent Wevelgem Paris Roubaix I &hellip; <a href=\"http:\/\/cyclingondvd.nl\/de\/dvds\/\" class=\"more-link\">Continue reading <span class=\"screen-reader-text\">DVD<\/span> <span class=\"meta-nav\">&rarr;<\/span><\/a><\/p>\n","protected":false},"author":1,"featured_media":0,"parent":0,"menu_order":4,"comment_status":"closed","ping_status":"closed","template":"","meta":{"ngg_post_thumbnail":0,"footnotes":""},"_links":{"self":[{"href":"http:\/\/cyclingondvd.nl\/de\/wp-json\/wp\/v2\/pages\/152"}],"collection":[{"href":"http:\/\/cyclingondvd.nl\/de\/wp-json\/wp\/v2\/pages"}],"about":[{"href":"http:\/\/cyclingondvd.nl\/de\/wp-json\/wp\/v2\/types\/page"}],"author":[{"embeddable":true,"href":"http:\/\/cyclingondvd.nl\/de\/wp-json\/wp\/v2\/users\/1"}],"replies":[{"embeddable":true,"href":"http:\/\/cyclingondvd.nl\/de\/wp-json\/wp\/v2\/comments?post=152"}],"version-history":[{"count":30,"href":"http:\/\/cyclingondvd.nl\/de\/wp-json\/wp\/v2\/pages\/152\/revisions"}],"predecessor-version":[{"id":3436,"href":"http:\/\/cyclingondvd.nl\/de\/wp-json\/wp\/v2\/pages\/152\/revisions\/3436"}],"wp:attachment":[{"href":"http:\/\/cyclingondvd.nl\/de\/wp-json\/wp\/v2\/media?parent=152"}],"curies":[{"name":"wp","href":"https:\/\/api.w.org\/{rel}","templated":true}]}}